{"id":9,"date":"2018-10-10T15:08:49","date_gmt":"2018-10-10T13:08:49","guid":{"rendered":"http:\/\/3586.perso.domwest.net\/?page_id=9"},"modified":"2025-06-30T18:43:37","modified_gmt":"2025-06-30T16:43:37","slug":"accueil","status":"publish","type":"page","link":"https:\/\/www.lesgavrochesdubac.fr\/","title":{"rendered":"Accueil"},"content":{"rendered":"<p>Qui sont \u00ab\u00a0Les Gavroches du Bac\u00a0\u00bb ? C\u2019est un trio (formule modulable) compos\u00e9 d\u2019une chanteuse, d\u2019un guitariste-chanteur et d\u2019un accord\u00e9oniste-chanteur.<\/p>\n<div id=\"metaslider-id-280\" style=\"max-width: 800px;\" class=\"ml-slider-3-80-0 metaslider metaslider-flex metaslider-280 ml-slider ms-theme-default\" role=\"region\" aria-roledescription=\"Slideshow\" aria-label=\"slide a propos\">\n    <div id=\"metaslider_container_280\">\n        <div id=\"metaslider_280\">\n            <ul class='slides'>\n                <li style=\"display: block; width: 100%;\" class=\"slide-377 ms-image \" aria-roledescription=\"slide\" aria-label=\"slide-377\"><img loading=\"lazy\" decoding=\"async\" src=\"https:\/\/www.lesgavrochesdubac.fr\/wp-content\/uploads\/2021\/09\/2021-08-Festival-de-Rou-Marson-19\u00e8me-\u00e9dition-87-2-800x600.jpg\" height=\"600\" width=\"800\" alt=\"\" class=\"slider-280 slide-377\" title=\"2021-08-Festival-de-Rou-Marson-19\u00e8me-\u00e9dition-87-2\" \/><\/li>\n                <li style=\"display: none; width: 100%;\" class=\"slide-378 ms-image \" aria-roledescription=\"slide\" aria-label=\"slide-378\"><img loading=\"lazy\" decoding=\"async\" src=\"https:\/\/www.lesgavrochesdubac.fr\/wp-content\/uploads\/2018\/10\/Photo-page-de-couverture-site-GDB-effet-zeke-2-800x600.jpg\" height=\"600\" width=\"800\" alt=\"\" class=\"slider-280 slide-378\" title=\"Photo page de couverture site GDB effet zeke\" \/><\/li>\n                <li style=\"display: none; width: 100%;\" class=\"slide-379 ms-image \" aria-roledescription=\"slide\" aria-label=\"slide-379\"><img loading=\"lazy\" decoding=\"async\" src=\"https:\/\/www.lesgavrochesdubac.fr\/wp-content\/uploads\/2018\/10\/GDBs-1_edited-800x600.jpg\" height=\"600\" width=\"800\" alt=\"\" class=\"slider-280 slide-379\" title=\"GDBs 1_edited\" \/><\/li>\n                <li style=\"display: none; width: 100%;\" class=\"slide-532 ms-image \" aria-roledescription=\"slide\" aria-label=\"slide-532\"><img loading=\"lazy\" decoding=\"async\" src=\"https:\/\/www.lesgavrochesdubac.fr\/wp-content\/uploads\/2018\/10\/IMG_20180801_203602-1-800x600.jpg\" height=\"600\" width=\"800\" alt=\"\" class=\"slider-280 slide-532\" title=\"IMG_20180801_203602\" \/><div class=\"caption-wrap\"><div class=\"caption\">sdr<\/div><\/div><\/li>\n                <li style=\"display: none; width: 100%;\" class=\"slide-533 ms-image \" aria-roledescription=\"slide\" aria-label=\"slide-533\"><img loading=\"lazy\" decoding=\"async\" src=\"https:\/\/www.lesgavrochesdubac.fr\/wp-content\/uploads\/2021\/09\/2021-08-Festival-de-Rou-Marson-19\u00e8me-\u00e9dition-79-800x600.jpg\" height=\"600\" width=\"800\" alt=\"\" class=\"slider-280 slide-533\" title=\"2021 08 Festival de Rou Marson 19\u00e8me \u00e9dition-79\" \/><\/li>\n                <li style=\"display: none; width: 100%;\" class=\"slide-534 ms-image \" aria-roledescription=\"slide\" aria-label=\"slide-534\"><img loading=\"lazy\" decoding=\"async\" src=\"https:\/\/www.lesgavrochesdubac.fr\/wp-content\/uploads\/2021\/09\/FB_IMG_1564681804988-800x600.jpg\" height=\"600\" width=\"800\" alt=\"\" class=\"slider-280 slide-534\" title=\"FB_IMG_1564681804988\" \/><\/li>\n                <li style=\"display: none; width: 100%;\" class=\"slide-535 ms-image \" aria-roledescription=\"slide\" aria-label=\"slide-535\"><img loading=\"lazy\" decoding=\"async\" src=\"https:\/\/www.lesgavrochesdubac.fr\/wp-content\/uploads\/2018\/10\/Derni\u00e8re_page_contact-800x600.jpg\" height=\"600\" width=\"800\" alt=\"\" class=\"slider-280 slide-535\" title=\"Manu\" \/><\/li>\n                <li style=\"display: none; width: 100%;\" class=\"slide-536 ms-image \" aria-roledescription=\"slide\" aria-label=\"slide-536\"><img loading=\"lazy\" decoding=\"async\" src=\"https:\/\/www.lesgavrochesdubac.fr\/wp-content\/uploads\/2018\/11\/Photo-page-contact-site-GDB-800x600.jpg\" height=\"600\" width=\"800\" alt=\"\" class=\"slider-280 slide-536\" title=\"Photo page contact site GDB\" \/><\/li>\n            <\/ul>\n        <\/div>\n        \n    <\/div>\n<\/div>\n\n\n<figure class=\"wp-block-gallery has-nested-images columns-default is-cropped wp-block-gallery-1 is-layout-flex wp-block-gallery-is-layout-flex\">\n<figure class=\"wp-block-image size-large\"><img loading=\"lazy\" decoding=\"async\" width=\"1024\" height=\"684\" data-id=\"583\" src=\"https:\/\/www.lesgavrochesdubac.fr\/wp-content\/uploads\/2025\/06\/AVV2025-Grande-scene-1024x684.jpg\" alt=\"Sur la Grande Sc\u00e8ne, place de la R\u00e9publique \u00e0 Saumur pour Anjou-V\u00e9lo Vintage-\u00e9dition 2025\" class=\"wp-image-583\" srcset=\"https:\/\/www.lesgavrochesdubac.fr\/wp-content\/uploads\/2025\/06\/AVV2025-Grande-scene-1024x684.jpg 1024w, https:\/\/www.lesgavrochesdubac.fr\/wp-content\/uploads\/2025\/06\/AVV2025-Grande-scene-300x200.jpg 300w, https:\/\/www.lesgavrochesdubac.fr\/wp-content\/uploads\/2025\/06\/AVV2025-Grande-scene-768x513.jpg 768w, https:\/\/www.lesgavrochesdubac.fr\/wp-content\/uploads\/2025\/06\/AVV2025-Grande-scene-1536x1027.jpg 1536w, https:\/\/www.lesgavrochesdubac.fr\/wp-content\/uploads\/2025\/06\/AVV2025-Grande-scene.jpg 1616w\" sizes=\"auto, (max-width: 1024px) 100vw, 1024px\" \/><\/figure>\n<\/figure>\n\n\n\n<figure class=\"wp-block-image is-resized\"><img loading=\"lazy\" decoding=\"async\" width=\"4160\" height=\"2336\" src=\"http:\/\/3586.perso.domwest.net\/wp-content\/uploads\/2018\/10\/IMG_20180801_203602.jpg\" alt=\"\" class=\"wp-image-185\" style=\"width:580px;height:325px\" srcset=\"https:\/\/www.lesgavrochesdubac.fr\/wp-content\/uploads\/2018\/10\/IMG_20180801_203602.jpg 4160w, https:\/\/www.lesgavrochesdubac.fr\/wp-content\/uploads\/2018\/10\/IMG_20180801_203602-300x168.jpg 300w, https:\/\/www.lesgavrochesdubac.fr\/wp-content\/uploads\/2018\/10\/IMG_20180801_203602-768x431.jpg 768w, https:\/\/www.lesgavrochesdubac.fr\/wp-content\/uploads\/2018\/10\/IMG_20180801_203602-1024x575.jpg 1024w\" sizes=\"auto, (max-width: 4160px) 100vw, 4160px\" \/><\/figure>\n\n\n\n<figure class=\"wp-block-gallery has-nested-images columns-default is-cropped wp-block-gallery-2 is-layout-flex wp-block-gallery-is-layout-flex\">\n<figure class=\"wp-block-image size-large\"><img loading=\"lazy\" decoding=\"async\" width=\"575\" height=\"1024\" data-id=\"198\" src=\"https:\/\/www.lesgavrochesdubac.fr\/wp-content\/uploads\/2018\/10\/GDBs-4-2-575x1024.jpg\" alt=\"\" class=\"wp-image-198\" srcset=\"https:\/\/www.lesgavrochesdubac.fr\/wp-content\/uploads\/2018\/10\/GDBs-4-2-575x1024.jpg 575w, https:\/\/www.lesgavrochesdubac.fr\/wp-content\/uploads\/2018\/10\/GDBs-4-2-168x300.jpg 168w, https:\/\/www.lesgavrochesdubac.fr\/wp-content\/uploads\/2018\/10\/GDBs-4-2-768x1368.jpg 768w\" sizes=\"auto, (max-width: 575px) 100vw, 575px\" \/><\/figure>\n\n\n\n<figure class=\"wp-block-image size-large\"><img loading=\"lazy\" decoding=\"async\" width=\"683\" height=\"1024\" data-id=\"563\" src=\"https:\/\/www.lesgavrochesdubac.fr\/wp-content\/uploads\/2023\/08\/IMG_2388-683x1024.jpg\" alt=\"\" class=\"wp-image-563\" srcset=\"https:\/\/www.lesgavrochesdubac.fr\/wp-content\/uploads\/2023\/08\/IMG_2388-683x1024.jpg 683w, https:\/\/www.lesgavrochesdubac.fr\/wp-content\/uploads\/2023\/08\/IMG_2388-200x300.jpg 200w, https:\/\/www.lesgavrochesdubac.fr\/wp-content\/uploads\/2023\/08\/IMG_2388-768x1152.jpg 768w, https:\/\/www.lesgavrochesdubac.fr\/wp-content\/uploads\/2023\/08\/IMG_2388-1024x1536.jpg 1024w, https:\/\/www.lesgavrochesdubac.fr\/wp-content\/uploads\/2023\/08\/IMG_2388.jpg 1200w\" sizes=\"auto, (max-width: 683px) 100vw, 683px\" \/><\/figure>\n<\/figure>\n\n\n\n<figure class=\"wp-block-gallery aligncenter has-nested-images columns-2 wp-block-gallery-3 is-layout-flex wp-block-gallery-is-layout-flex\">\n<figure class=\"wp-block-image size-large\"><img loading=\"lazy\" decoding=\"async\" width=\"1024\" height=\"683\" data-id=\"556\" src=\"https:\/\/www.lesgavrochesdubac.fr\/wp-content\/uploads\/2023\/08\/IMG_2387-1024x683.jpg\" alt=\"\" class=\"wp-image-556\" srcset=\"https:\/\/www.lesgavrochesdubac.fr\/wp-content\/uploads\/2023\/08\/IMG_2387-1024x683.jpg 1024w, https:\/\/www.lesgavrochesdubac.fr\/wp-content\/uploads\/2023\/08\/IMG_2387-300x200.jpg 300w, https:\/\/www.lesgavrochesdubac.fr\/wp-content\/uploads\/2023\/08\/IMG_2387-768x512.jpg 768w, https:\/\/www.lesgavrochesdubac.fr\/wp-content\/uploads\/2023\/08\/IMG_2387-1536x1024.jpg 1536w, https:\/\/www.lesgavrochesdubac.fr\/wp-content\/uploads\/2023\/08\/IMG_2387.jpg 2048w\" sizes=\"auto, (max-width: 1024px) 100vw, 1024px\" \/><\/figure>\n\n\n\n<figure class=\"wp-block-image size-large\"><img loading=\"lazy\" decoding=\"async\" width=\"1024\" height=\"909\" data-id=\"212\" src=\"https:\/\/www.lesgavrochesdubac.fr\/wp-content\/uploads\/2018\/10\/Page-quelques-r\u00e9f\u00e9rences-1-1024x909.jpg\" alt=\"\" class=\"wp-image-212\" srcset=\"https:\/\/www.lesgavrochesdubac.fr\/wp-content\/uploads\/2018\/10\/Page-quelques-r\u00e9f\u00e9rences-1-1024x909.jpg 1024w, https:\/\/www.lesgavrochesdubac.fr\/wp-content\/uploads\/2018\/10\/Page-quelques-r\u00e9f\u00e9rences-1-300x266.jpg 300w, https:\/\/www.lesgavrochesdubac.fr\/wp-content\/uploads\/2018\/10\/Page-quelques-r\u00e9f\u00e9rences-1-768x682.jpg 768w, https:\/\/www.lesgavrochesdubac.fr\/wp-content\/uploads\/2018\/10\/Page-quelques-r\u00e9f\u00e9rences-1-1200x1065.jpg 1200w\" sizes=\"auto, (max-width: 1024px) 100vw, 1024px\" \/><\/figure>\n\n\n\n<figure class=\"wp-block-image size-large\"><img loading=\"lazy\" decoding=\"async\" width=\"683\" height=\"1024\" data-id=\"540\" src=\"https:\/\/www.lesgavrochesdubac.fr\/wp-content\/uploads\/2021\/09\/2021-08-Festival-de-Rou-Marson-19\u00e8me-\u00e9dition-85-1-683x1024.jpg\" alt=\"\" class=\"wp-image-540\" srcset=\"https:\/\/www.lesgavrochesdubac.fr\/wp-content\/uploads\/2021\/09\/2021-08-Festival-de-Rou-Marson-19\u00e8me-\u00e9dition-85-1-683x1024.jpg 683w, https:\/\/www.lesgavrochesdubac.fr\/wp-content\/uploads\/2021\/09\/2021-08-Festival-de-Rou-Marson-19\u00e8me-\u00e9dition-85-1-200x300.jpg 200w, https:\/\/www.lesgavrochesdubac.fr\/wp-content\/uploads\/2021\/09\/2021-08-Festival-de-Rou-Marson-19\u00e8me-\u00e9dition-85-1-768x1152.jpg 768w, https:\/\/www.lesgavrochesdubac.fr\/wp-content\/uploads\/2021\/09\/2021-08-Festival-de-Rou-Marson-19\u00e8me-\u00e9dition-85-1.jpg 1000w\" sizes=\"auto, (max-width: 683px) 100vw, 683px\" \/><\/figure>\n<\/figure>\n\n\n<p>&nbsp;<\/p>\n<p><!-- Script compteur Domwest.net --><\/p>\n<p><script language=\"JavaScript\" src=\"https:\/\/tool.domwest.net\/compteur\/?t=3&amp;o=3585\"> <\/script><\/p>\n<p><!-- Fin script compteur Domwest.net --><\/p>","protected":false},"excerpt":{"rendered":"<p>Qui sont \u00ab\u00a0Les Gavroches du Bac\u00a0\u00bb ? C\u2019est un trio (formule modulable) compos\u00e9 d\u2019une chanteuse, d\u2019un guitariste-chanteur et d\u2019un accord\u00e9oniste-chanteur. &nbsp;<\/p>\n","protected":false},"author":1,"featured_media":0,"parent":0,"menu_order":0,"comment_status":"closed","ping_status":"closed","template":"","meta":{"footnotes":""},"class_list":["post-9","page","type-page","status-publish","hentry"],"_links":{"self":[{"href":"https:\/\/www.lesgavrochesdubac.fr\/index.php?rest_route=\/wp\/v2\/pages\/9","targetHints":{"allow":["GET"]}}],"collection":[{"href":"https:\/\/www.lesgavrochesdubac.fr\/index.php?rest_route=\/wp\/v2\/pages"}],"about":[{"href":"https:\/\/www.lesgavrochesdubac.fr\/index.php?rest_route=\/wp\/v2\/types\/page"}],"author":[{"embeddable":true,"href":"https:\/\/www.lesgavrochesdubac.fr\/index.php?rest_route=\/wp\/v2\/users\/1"}],"replies":[{"embeddable":true,"href":"https:\/\/www.lesgavrochesdubac.fr\/index.php?rest_route=%2Fwp%2Fv2%2Fcomments&post=9"}],"version-history":[{"count":49,"href":"https:\/\/www.lesgavrochesdubac.fr\/index.php?rest_route=\/wp\/v2\/pages\/9\/revisions"}],"predecessor-version":[{"id":585,"href":"https:\/\/www.lesgavrochesdubac.fr\/index.php?rest_route=\/wp\/v2\/pages\/9\/revisions\/585"}],"wp:attachment":[{"href":"https:\/\/www.lesgavrochesdubac.fr\/index.php?rest_route=%2Fwp%2Fv2%2Fmedia&parent=9"}],"curies":[{"name":"wp","href":"https:\/\/api.w.org\/{rel}","templated":true}]}}