{"id":324,"date":"2018-10-31T13:24:01","date_gmt":"2018-10-31T12:24:01","guid":{"rendered":"http:\/\/3586.perso.domwest.net\/?page_id=324"},"modified":"2018-11-04T16:59:03","modified_gmt":"2018-11-04T15:59:03","slug":"a-propos","status":"publish","type":"page","link":"https:\/\/www.lesgavrochesdubac.fr\/?page_id=324","title":{"rendered":"A propos"},"content":{"rendered":"<h2 style=\"text-align: left;\"><span style=\"color: #ff0000;\">Vous faites quoi les Gavroches du Bac ?<\/span><\/h2>\n<h2 style=\"text-align: left;\"><span style=\"color: #ff0000;\"><div id=\"metaslider-id-280\" style=\"max-width: 800px;\" class=\"ml-slider-3-80-0 metaslider metaslider-flex metaslider-280 ml-slider ms-theme-default\" role=\"region\" aria-roledescription=\"Slideshow\" aria-label=\"slide a propos\">\n    <div id=\"metaslider_container_280\">\n        <div id=\"metaslider_280\">\n            <ul class='slides'>\n                <li style=\"display: block; width: 100%;\" class=\"slide-377 ms-image \" aria-roledescription=\"slide\" aria-label=\"slide-377\"><img loading=\"lazy\" decoding=\"async\" src=\"https:\/\/www.lesgavrochesdubac.fr\/wp-content\/uploads\/2021\/09\/2021-08-Festival-de-Rou-Marson-19\u00e8me-\u00e9dition-87-2-800x600.jpg\" height=\"600\" width=\"800\" alt=\"\" class=\"slider-280 slide-377\" title=\"2021-08-Festival-de-Rou-Marson-19\u00e8me-\u00e9dition-87-2\" \/><\/li>\n                <li style=\"display: none; width: 100%;\" class=\"slide-378 ms-image \" aria-roledescription=\"slide\" aria-label=\"slide-378\"><img loading=\"lazy\" decoding=\"async\" src=\"https:\/\/www.lesgavrochesdubac.fr\/wp-content\/uploads\/2018\/10\/Photo-page-de-couverture-site-GDB-effet-zeke-2-800x600.jpg\" height=\"600\" width=\"800\" alt=\"\" class=\"slider-280 slide-378\" title=\"Photo page de couverture site GDB effet zeke\" \/><\/li>\n                <li style=\"display: none; width: 100%;\" class=\"slide-379 ms-image \" aria-roledescription=\"slide\" aria-label=\"slide-379\"><img loading=\"lazy\" decoding=\"async\" src=\"https:\/\/www.lesgavrochesdubac.fr\/wp-content\/uploads\/2018\/10\/GDBs-1_edited-800x600.jpg\" height=\"600\" width=\"800\" alt=\"\" class=\"slider-280 slide-379\" title=\"GDBs 1_edited\" \/><\/li>\n                <li style=\"display: none; width: 100%;\" class=\"slide-532 ms-image \" aria-roledescription=\"slide\" aria-label=\"slide-532\"><img loading=\"lazy\" decoding=\"async\" src=\"https:\/\/www.lesgavrochesdubac.fr\/wp-content\/uploads\/2018\/10\/IMG_20180801_203602-1-800x600.jpg\" height=\"600\" width=\"800\" alt=\"\" class=\"slider-280 slide-532\" title=\"IMG_20180801_203602\" \/><div class=\"caption-wrap\"><div class=\"caption\">sdr<\/div><\/div><\/li>\n                <li style=\"display: none; width: 100%;\" class=\"slide-533 ms-image \" aria-roledescription=\"slide\" aria-label=\"slide-533\"><img loading=\"lazy\" decoding=\"async\" src=\"https:\/\/www.lesgavrochesdubac.fr\/wp-content\/uploads\/2021\/09\/2021-08-Festival-de-Rou-Marson-19\u00e8me-\u00e9dition-79-800x600.jpg\" height=\"600\" width=\"800\" alt=\"\" class=\"slider-280 slide-533\" title=\"2021 08 Festival de Rou Marson 19\u00e8me \u00e9dition-79\" \/><\/li>\n                <li style=\"display: none; width: 100%;\" class=\"slide-534 ms-image \" aria-roledescription=\"slide\" aria-label=\"slide-534\"><img loading=\"lazy\" decoding=\"async\" src=\"https:\/\/www.lesgavrochesdubac.fr\/wp-content\/uploads\/2021\/09\/FB_IMG_1564681804988-800x600.jpg\" height=\"600\" width=\"800\" alt=\"\" class=\"slider-280 slide-534\" title=\"FB_IMG_1564681804988\" \/><\/li>\n                <li style=\"display: none; width: 100%;\" class=\"slide-535 ms-image \" aria-roledescription=\"slide\" aria-label=\"slide-535\"><img loading=\"lazy\" decoding=\"async\" src=\"https:\/\/www.lesgavrochesdubac.fr\/wp-content\/uploads\/2018\/10\/Derni\u00e8re_page_contact-800x600.jpg\" height=\"600\" width=\"800\" alt=\"\" class=\"slider-280 slide-535\" title=\"Manu\" \/><\/li>\n                <li style=\"display: none; width: 100%;\" class=\"slide-536 ms-image \" aria-roledescription=\"slide\" aria-label=\"slide-536\"><img loading=\"lazy\" decoding=\"async\" src=\"https:\/\/www.lesgavrochesdubac.fr\/wp-content\/uploads\/2018\/11\/Photo-page-contact-site-GDB-800x600.jpg\" height=\"600\" width=\"800\" alt=\"\" class=\"slider-280 slide-536\" title=\"Photo page contact site GDB\" \/><\/li>\n            <\/ul>\n        <\/div>\n        \n    <\/div>\n<\/div><\/span><\/h2>\n<p style=\"text-align: left;\">\u00ab\u00a0Nous, V\u00e9ro, Manu et Fred, reprenons les standards de la chanson fran\u00e7aise revisit\u00e9s en version festive et actualis\u00e9e que le public peut tr\u00e8s facilement reprendre avec nous mais \u00e9galement des chansons \u00e0 texte (Yves Montand, Georges Brassens, Juliette Gr\u00e9co\u2026) et contemporaines (Renan Luce, Rita Mitsouko, Claudio Cap\u00e9o&#8230;)\u2026 !<br \/>\nLe but est de faire passer un bon moment \u00e0 vos invit\u00e9s, clients, partenaires etc. lors de vos r\u00e9ceptions dans un cadre des plus agr\u00e9ables en les accompagnant en musique et chansons, en toute convivialit\u00e9\u2026<\/p>\n<p style=\"text-align: left;\">Nous nous ferons un plaisir d\u2019\u00eatre de ceux pouvant participer et contribuer \u00e0 l\u2019animation de vos \u00e9v\u00e8nements!\u00a0\u00bb<\/p>\n<p style=\"text-align: left;\">\n","protected":false},"excerpt":{"rendered":"<p>Vous faites quoi les Gavroches du Bac ? \u00ab\u00a0Nous, V\u00e9ro, Manu et Fred, reprenons les standards de la chanson fran\u00e7aise revisit\u00e9s en version festive et actualis\u00e9e que le public peut tr\u00e8s facilement reprendre avec nous mais \u00e9galement des chansons \u00e0 texte (Yves Montand, Georges Brassens, Juliette Gr\u00e9co\u2026) et contemporaines (Renan Luce, Rita Mitsouko, Claudio Cap\u00e9o&#8230;)\u2026 [&hellip;]<\/p>\n","protected":false},"author":1,"featured_media":0,"parent":0,"menu_order":0,"comment_status":"closed","ping_status":"closed","template":"","meta":{"footnotes":""},"class_list":["post-324","page","type-page","status-publish","hentry"],"_links":{"self":[{"href":"https:\/\/www.lesgavrochesdubac.fr\/index.php?rest_route=\/wp\/v2\/pages\/324","targetHints":{"allow":["GET"]}}],"collection":[{"href":"https:\/\/www.lesgavrochesdubac.fr\/index.php?rest_route=\/wp\/v2\/pages"}],"about":[{"href":"https:\/\/www.lesgavrochesdubac.fr\/index.php?rest_route=\/wp\/v2\/types\/page"}],"author":[{"embeddable":true,"href":"https:\/\/www.lesgavrochesdubac.fr\/index.php?rest_route=\/wp\/v2\/users\/1"}],"replies":[{"embeddable":true,"href":"https:\/\/www.lesgavrochesdubac.fr\/index.php?rest_route=%2Fwp%2Fv2%2Fcomments&post=324"}],"version-history":[{"count":18,"href":"https:\/\/www.lesgavrochesdubac.fr\/index.php?rest_route=\/wp\/v2\/pages\/324\/revisions"}],"predecessor-version":[{"id":422,"href":"https:\/\/www.lesgavrochesdubac.fr\/index.php?rest_route=\/wp\/v2\/pages\/324\/revisions\/422"}],"wp:attachment":[{"href":"https:\/\/www.lesgavrochesdubac.fr\/index.php?rest_route=%2Fwp%2Fv2%2Fmedia&parent=324"}],"curies":[{"name":"wp","href":"https:\/\/api.w.org\/{rel}","templated":true}]}}