{"id":130,"date":"2018-10-23T00:11:45","date_gmt":"2018-10-22T22:11:45","guid":{"rendered":"http:\/\/3586.perso.domwest.net\/?page_id=130"},"modified":"2019-08-30T12:39:14","modified_gmt":"2019-08-30T10:39:14","slug":"reference","status":"publish","type":"page","link":"https:\/\/www.lesgavrochesdubac.fr\/?page_id=130","title":{"rendered":"R\u00e9f\u00e9rences"},"content":{"rendered":"\n<h2 class=\"wp-block-heading\"><\/h2>\n\n\n\n<p>Guinguette Port de Vall\u00e9e<\/p>\n\n\n\n<p>Les Vendredis de Juillet<\/p>\n\n\n\n<p>Anjou V\u00e9lo Vintage<\/p>\n\n\n\n<p>Les Grandes Tabl\u00e9es<\/p>\n\n\n\n<p>Soir\u00e9es priv\u00e9es<\/p>\n\n\n\n<p>Cocktails entreprises<\/p>\n\n\n\n<p>Montmartre \u00e0 Clisson<\/p>\n\n\n\n<p>Les podiums Florentais<\/p>\n\n\n\n<p>Cave La Veuve Amiot &#8230;<\/p>\n","protected":false},"excerpt":{"rendered":"<p>Guinguette Port de Vall\u00e9e Les Vendredis de Juillet Anjou V\u00e9lo Vintage Les Grandes Tabl\u00e9es Soir\u00e9es priv\u00e9es Cocktails entreprises Montmartre \u00e0 Clisson Les podiums Florentais Cave La Veuve Amiot &#8230;<\/p>\n","protected":false},"author":1,"featured_media":0,"parent":0,"menu_order":0,"comment_status":"closed","ping_status":"closed","template":"","meta":{"footnotes":""},"class_list":["post-130","page","type-page","status-publish","hentry"],"_links":{"self":[{"href":"https:\/\/www.lesgavrochesdubac.fr\/index.php?rest_route=\/wp\/v2\/pages\/130","targetHints":{"allow":["GET"]}}],"collection":[{"href":"https:\/\/www.lesgavrochesdubac.fr\/index.php?rest_route=\/wp\/v2\/pages"}],"about":[{"href":"https:\/\/www.lesgavrochesdubac.fr\/index.php?rest_route=\/wp\/v2\/types\/page"}],"author":[{"embeddable":true,"href":"https:\/\/www.lesgavrochesdubac.fr\/index.php?rest_route=\/wp\/v2\/users\/1"}],"replies":[{"embeddable":true,"href":"https:\/\/www.lesgavrochesdubac.fr\/index.php?rest_route=%2Fwp%2Fv2%2Fcomments&post=130"}],"version-history":[{"count":9,"href":"https:\/\/www.lesgavrochesdubac.fr\/index.php?rest_route=\/wp\/v2\/pages\/130\/revisions"}],"predecessor-version":[{"id":508,"href":"https:\/\/www.lesgavrochesdubac.fr\/index.php?rest_route=\/wp\/v2\/pages\/130\/revisions\/508"}],"wp:attachment":[{"href":"https:\/\/www.lesgavrochesdubac.fr\/index.php?rest_route=%2Fwp%2Fv2%2Fmedia&parent=130"}],"curies":[{"name":"wp","href":"https:\/\/api.w.org\/{rel}","templated":true}]}}