{"id":11,"date":"2018-10-10T15:08:50","date_gmt":"2018-10-10T13:08:50","guid":{"rendered":"http:\/\/3586.perso.domwest.net\/?page_id=11"},"modified":"2022-09-30T12:52:37","modified_gmt":"2022-09-30T10:52:37","slug":"contact","status":"publish","type":"page","link":"https:\/\/www.lesgavrochesdubac.fr\/?page_id=11","title":{"rendered":"Contact"},"content":{"rendered":"<div id=\"comp-jlffswwm1\" class=\"txtNew\" data-packed=\"true\">\n<figure id=\"attachment_174\" aria-describedby=\"caption-attachment-174\" style=\"width: 300px\" class=\"wp-caption alignleft\"><img loading=\"lazy\" decoding=\"async\" class=\"size-medium wp-image-174\" src=\"http:\/\/3586.perso.domwest.net\/wp-content\/uploads\/2018\/10\/Derni\u00e8re_page_contact-300x268.jpg\" alt=\"\" width=\"300\" height=\"268\" srcset=\"https:\/\/www.lesgavrochesdubac.fr\/wp-content\/uploads\/2018\/10\/Derni\u00e8re_page_contact-300x268.jpg 300w, https:\/\/www.lesgavrochesdubac.fr\/wp-content\/uploads\/2018\/10\/Derni\u00e8re_page_contact-768x686.jpg 768w, https:\/\/www.lesgavrochesdubac.fr\/wp-content\/uploads\/2018\/10\/Derni\u00e8re_page_contact-1024x914.jpg 1024w\" sizes=\"auto, (max-width: 300px) 100vw, 300px\" \/><figcaption id=\"caption-attachment-174\" class=\"wp-caption-text\">Manu<\/figcaption><\/figure>\n<p>\u00a0<\/p>\n<p>\u00a0<\/p>\n<p>\u00a0<\/p>\n<\/div>\n<h2>\u00a0<\/h2>\n<p>\u00a0<\/p>\n<h2>\u00a0<\/h2>\n<p>\u00a0<\/p>\n<div id=\"comp-jlffswwm1\" class=\"txtNew\" data-packed=\"true\">\n<h2 class=\"font_4\" style=\"text-align: left;\"><span class=\"color_11\" style=\"color: #ff0000;\">Les Gavroches du Bac<\/span><\/h2>\n<\/div>\n<div id=\"comp-jlffswwm1\" class=\"txtNew\" data-packed=\"true\">\n<p class=\"font_4\" style=\"text-align: left;\"><span class=\"color_32\">Pour toute demande de renseignements, devis, n&rsquo;h\u00e9sitez pas nous contacter aux coordonn\u00e9es ci-dessous. Visitez \u00e9galement notre page Facebook!<\/span><\/p>\n<\/div>\n<div id=\"comp-jlffswwn\" class=\"txtNew\" style=\"text-align: left;\" data-packed=\"true\">\n<div id=\"comp-jlffswwl1\" class=\"txtNew\" style=\"text-align: left;\" data-packed=\"true\">\n<p class=\"font_7\"><span class=\"color_32\">8, Rue du Bac &#8211;<\/span><span class=\"color_32\">PRUILLE<\/span><\/p>\n<p class=\"font_7\"><span class=\"color_32\">49220 LONGUENEE EN ANJOU<\/span><br \/><span class=\"color_32\">France<\/span><\/p>\n<\/div>\n<p class=\"font_7\" style=\"text-align: left;\"><span class=\"color_32\">T\u00e9l : 06.28.27.44.31<\/span><\/p>\n<p style=\"text-align: left;\">E-mail : <a href=\"mailto:manu.sureau@lesgavrochesdubac.fr\">manu.sureau@lesgavrochesdubac.fr<\/a><\/p>\n<\/div>\n\n\n\n\n<figure class=\"wp-block-gallery has-nested-images columns-default is-cropped wp-block-gallery-1 is-layout-flex wp-block-gallery-is-layout-flex\"><\/figure>\n","protected":false},"excerpt":{"rendered":"<p>\u00a0 \u00a0 \u00a0 \u00a0 \u00a0 \u00a0 \u00a0 Les Gavroches du Bac Pour toute demande de renseignements, devis, n&rsquo;h\u00e9sitez pas nous contacter aux coordonn\u00e9es ci-dessous. Visitez \u00e9galement notre page Facebook! 8, Rue du Bac &#8211;PRUILLE 49220 LONGUENEE EN ANJOUFrance T\u00e9l : 06.28.27.44.31 E-mail : manu.sureau@lesgavrochesdubac.fr<\/p>\n","protected":false},"author":1,"featured_media":0,"parent":0,"menu_order":0,"comment_status":"closed","ping_status":"closed","template":"","meta":{"footnotes":""},"class_list":["post-11","page","type-page","status-publish","hentry"],"_links":{"self":[{"href":"https:\/\/www.lesgavrochesdubac.fr\/index.php?rest_route=\/wp\/v2\/pages\/11","targetHints":{"allow":["GET"]}}],"collection":[{"href":"https:\/\/www.lesgavrochesdubac.fr\/index.php?rest_route=\/wp\/v2\/pages"}],"about":[{"href":"https:\/\/www.lesgavrochesdubac.fr\/index.php?rest_route=\/wp\/v2\/types\/page"}],"author":[{"embeddable":true,"href":"https:\/\/www.lesgavrochesdubac.fr\/index.php?rest_route=\/wp\/v2\/users\/1"}],"replies":[{"embeddable":true,"href":"https:\/\/www.lesgavrochesdubac.fr\/index.php?rest_route=%2Fwp%2Fv2%2Fcomments&post=11"}],"version-history":[{"count":43,"href":"https:\/\/www.lesgavrochesdubac.fr\/index.php?rest_route=\/wp\/v2\/pages\/11\/revisions"}],"predecessor-version":[{"id":551,"href":"https:\/\/www.lesgavrochesdubac.fr\/index.php?rest_route=\/wp\/v2\/pages\/11\/revisions\/551"}],"wp:attachment":[{"href":"https:\/\/www.lesgavrochesdubac.fr\/index.php?rest_route=%2Fwp%2Fv2%2Fmedia&parent=11"}],"curies":[{"name":"wp","href":"https:\/\/api.w.org\/{rel}","templated":true}]}}